{"id":256,"date":"2021-04-14T14:13:29","date_gmt":"2021-04-14T11:13:29","guid":{"rendered":"https:\/\/mimoartcompany.com\/?page_id=256"},"modified":"2021-09-27T12:11:32","modified_gmt":"2021-09-27T09:11:32","slug":"fades-away-details","status":"publish","type":"page","link":"https:\/\/mimoartcompany.com\/index.php\/fades-away-details\/","title":{"rendered":"FADES AWAY"},"content":{"rendered":"<p>[vc_row][vc_column][vc_column_text][\/vc_column_text][\/vc_column][\/vc_row][vc_row][vc_column][vc_column_text css=&#8221;.vc_custom_1570191258903{padding-right: 20px !important;padding-left: 20px !important;}&#8221;]<\/p>\n<h1 style=\"text-align: center;\"><span style=\"color: #ffffff;\">FADES AWAY<br \/>\n<\/span><\/h1>\n<p style=\"text-align: center;\">[\/vc_column_text][\/vc_column][\/vc_row][vc_row][vc_column][vc_column_text css=&#8221;.vc_custom_1570449971788{margin-top: 0px !important;margin-right: 10px !important;margin-bottom: 20px !important;margin-left: 10px !important;border-top-width: 5px !important;border-right-width: 5px !important;border-bottom-width: 5px !important;border-left-width: 5px !important;padding-top: 10px !important;padding-right: 25px !important;padding-bottom: 25px !important;padding-left: 25px !important;border-left-color: #ffffff !important;border-left-style: solid !important;border-right-color: #ffffff !important;border-right-style: solid !important;border-top-color: #ffffff !important;border-top-style: solid !important;border-bottom-color: #ffffff !important;border-bottom-style: solid !important;}&#8221;][vc_row][vc_column width=&#8221;1\/1&#8243;][vc_column_text]<\/p>\n<h2><\/h2>\n<p>&nbsp;<\/p>\n<h2>VISUAL &amp; PHYSICAL STAGE WORK<\/h2>\n<p>Fades Away is a visual and physical stage work based on water. It reflects an individual&#8217;s choices and actions in relations to the economic state of the world. The work that touches with its strong presence and humane grip, flows in the same rhythm with the spectator&#8217;s soulscape, simultaneously reminding of the evanescence of all.<\/p>\n<p>Fades Away trifles with magical visual scenery and everyday realistic comedy, which time after time break and rebuild an illusion of the theatre. The interdisciplinary thinking of MimoArt Company steers clear of known genre definitions: The work operates in contemporary dance, physical mime and -theatre, butoh, and clownery. Fades Aways&#8217;s outr\u00e9 movement language, the impressive visuality, and soundscape build an insightful, multidimensional and holistically touching experience.<\/p>\n<p>Fades Away is the second part of WATER TRILOGY -series MimoArt Company. The work is created by an international and interdisciplinary working group. The co-production of MimoArt Company, Dance Theatre Minimi and Dance Theatre Rimpparemmi will be premiered at Kuopio City Theatre on 1.10.2021 and will later be seen in Kuopio 2.10.-12.11.2021 and Rovaniemi 8.10.-20.11.2021.<\/p>\n<p dir=\"ltr\">The work is non-verbal and suits all ages and languages.<\/p>\n<p dir=\"ltr\">Recommended age limit 7 yrs<\/p>\n<h2>PERFORMANCES<\/h2>\n<p><b>1.10.2021 Premiere 19:15 <\/b>(Kuopio, Kuopio City Theatre, Maria Stage)<br \/>\n<b>2.10.2021 Performance 13:15 <\/b>(Kuopio, Kuopio City Theatre, Maria Stage)<br \/>\n<b>8.10.2021 Performance 19:00<\/b> (Rovaniemi, Culture house Wiljami, K-18)<br \/>\n<b>15.10.2021 Performance 19:15<\/b> (Kuopio, Kuopio City Theatre, Maria Stage)<br \/>\n<b>16.10.2021 Performance 18:15<\/b> (Kuopio, Kuopio City Theatre, Maria Stage)<br \/>\n<b>22.10.2021 Performance 19:00<\/b> (Rovaniemi, Culture house Wiljami, K-18)<br \/>\n<b>23.10.2021 Performance 19:00 <\/b>(Rovaniemi, Culture house Wiljami)<br \/>\n<b>11.11.2021 Performance 19:15<\/b> (Kuopio, Kuopio City Theatre, Maria Stage)<br \/>\n<b>12.11.2021 Performance 19:15<\/b> (Kuopio, Kuopio City Theatre, Maria Stage)<br \/>\n<b>19.11.2021 Performance 12:00<\/b> (Rovaniemi, Culture house Wiljami)<br \/>\n<b>19.11.2021 Performance 19:00<\/b> (Rovaniemi, Culture house Wiljami, K-18)<br \/>\n<b>20.11.2021 Performance 19:00<\/b> (Rovaniemi, Culture house Wiljami, K-18)<\/p>\n<p><b>Tickets:<\/b> <a href=\"https:\/\/www.lippu.fi\/eventseries\/2911561\">https:\/\/www.lippu.fi\/eventseries\/2911561<\/a><\/p>\n<p><b>Ticket prices &#8211; Kuopio: <\/b>28 \/ 24 \/ 18 \u20ac, sis. Kuopio City Theatre service fee 3,50\u20ac<br \/>\n<b>Ticket prices &#8211; Rovaniemi:<\/b> <b>advance: <\/b>normal 25\u20ac \/ retiree 22\u20ac \/ student, unemployed 13\u20ac \/ wheelchair 22\u20ac.<br \/>\n<b>From the door: <\/b>normal 28\u20ac \/ retiree 25\u20ac \/ student, unemployed 16\u20ac \/ wheelchair 25\u20ac \/ Teme, theater card 12\u20ac \/ friend ticket 14\u20ac<\/p>\n<h2>CREDITS<\/h2>\n<p dir=\"ltr\">Direction and the visuality of the whole: Mimosa Lindahl, Arto-Oskar Reunanen<br \/>\nChoreography: Mimosa Lindahl<br \/>\nScenography: Arto-Oskar Reunanen<br \/>\nLight design: Karel \u0160imek<br \/>\nVideo design: Mikko Lampinen<br \/>\nSound design: Silver Sepp<br \/>\nPictures: Kai Kuusisto<br \/>\nCostumes: Mimosa Lindahl<br \/>\nPerformer in the picture: Lara M\u00fbller<\/p>\n<p>&nbsp;<\/p>\n<p dir=\"ltr\">Performers: Virva Torkko-Mu\u00f1oz, Noomi Forslund, Laura Kallas-Herd, Marjo Selin, Silver Sepp (musician)<br \/>\nProjection: Mikko Lampinen<br \/>\nOperation of lights and sound: Veli-Matti Timoskainen<\/p>\n<p dir=\"ltr\">Production: Dance Theatre Minimi, Dance Theatre Rimpparemmi, MimoArt Company<\/p>\n<p dir=\"ltr\">The supporters and collaboration partners of the MimoArt Company&#8217;s WATER TRILOGY -series: The City of Helsinki, Arts Promotion Centre Finland, Pragma Helsinki<\/p>\n<p dir=\"ltr\">Equipment sponsors:\u00a0Hako Ground and Garden Oy, Pumppu Lohja Oy, Hansa Engineering, Oy K\u00f6ysituonti Ab<\/p>\n<p>[\/vc_column_text][\/vc_column][\/vc_row][vc_row][vc_column][vc_column_text][\/vc_column_text][\/vc_column][\/vc_row][vc_row][vc_column][vc_column_text css=&#8221;.vc_custom_1570191258903{padding-right: 20px !important;padding-left: 20px !important;}&#8221;]<\/p>\n<h1 style=\"text-align: center;\"><span style=\"color: #ffffff;\">FADES AWAY<br \/>\n<\/span><\/h1>\n<p style=\"text-align: center;\">[\/vc_column_text][\/vc_column][\/vc_row][vc_row][vc_column][vc_column_text css=&#8221;.vc_custom_1570449971788{margin-top: 0px !important;margin-right: 10px !important;margin-bottom: 20px !important;margin-left: 10px !important;border-top-width: 5px !important;border-right-width: 5px !important;border-bottom-width: 5px !important;border-left-width: 5px !important;padding-top: 10px !important;padding-right: 25px !important;padding-bottom: 25px !important;padding-left: 25px !important;border-left-color: #ffffff !important;border-left-style: solid !important;border-right-color: #ffffff !important;border-right-style: solid !important;border-top-color: #ffffff !important;border-top-style: solid !important;border-bottom-color: #ffffff !important;border-bottom-style: solid !important;}&#8221;][vc_row][vc_column width=&#8221;1\/1&#8243;][vc_column_text][vc_row][vc_column width=&#8221;1\/1&#8243;][vc_column_text]<\/p>\n<h2><\/h2>\n<p>&nbsp;<\/p>\n<h2>VISUAALINEN &amp; FYYSINEN N\u00c4YTT\u00c4M\u00d6TEOS<\/h2>\n<p>Fades Away on veteen pohjautuva visuaalinen ja fyysinen n\u00e4ytt\u00e4m\u00f6teos, joka heijastelee yksil\u00f6n valintojen ja toiminnan yhteytt\u00e4 maailman ekologiseen tilaan. Katsojan sielunmaailman kanssa samassa rytmiss\u00e4 virtaava teos koskettaa vahvalla l\u00e4sn\u00e4ololla ja inhimillisell\u00e4 otteella, muistuttaen samalla kaiken katoavaisuudesta.<\/p>\n<p>Fades away leikittelee maagisten visuaalisten lavakuvien ja arkirealistisen komiikan v\u00e4lill\u00e4, jossa teatterin illuusio rikotaan ja rakennetaan kerta toisensa j\u00e4lkeen uudelleen. MimoArt Companyn omalakinen poikkitaiteellinen ajattelu kaihtaa totuttuja genrem\u00e4\u00e4rittelyj\u00e4. Teos yhdist\u00e4\u00e4 taitavasti nykytanssia, butoa, fyysist\u00e4 miimi\u00e4 ja -teatteria sek\u00e4 klovneriaa. Teoksen omintakeinen liikekieli yhdess\u00e4 vaikuttavan visuaalisuuden ja \u00e4\u00e4nimaailman kanssa rakentavat katsojien eteen oivaltavan, monitasoisen ja kokonaisvaltaisesti koskettavan el\u00e4myksen. <\/p>\n<p>Fades Away on MimoArt Companyn kolmiosaisen WATER TRILOGY -teossarjan toinen osa. Teoksen toteutuksesta vastaa kansainv\u00e4linen, poikkitaiteellinen ty\u00f6ryhm\u00e4. MimoArt Companyn, Tanssiteatteri Minimin ja Tanssiteatteri Rimpparemmin yhteistuotantona toteutettava teos saa ensi-iltansa Kuopion kaupunginteatterissa 1.10.2021, jonka j\u00e4lkeen se n\u00e4hd\u00e4\u00e4n Kuopiossa 2.10.-12.11.2021  ja Rovaniemell\u00e4 8.10.-20.11.2021.<\/p>\n<p dir=\"ltr\">Teos on sanaton ja sopii kaikenik\u00e4isille ja kielisille.<\/p>\n<p dir=\"ltr\">Suositusik\u00e4raja 7 vuotta.<\/p>\n<h2>ESITYKSET<\/h2>\n<p><b>1.10.2021 Ensi-ilta 19:15 <\/b>(Kuopio, Kuopion kaupunginteatteri, Maria-n\u00e4ytt\u00e4m\u00f6)<br \/>\n<b>2.10.2021 Esitys 13:15 <\/b>(Kuopio, Kuopion kaupunginteatteri, Maria-n\u00e4ytt\u00e4m\u00f6)<br \/>\n<b>8.10.2021 Esitys 19:00<\/b> (Rovaniemi, Kulttuuritalo Wiljami, K-18)<br \/>\n<b>15.10.2021 Esitys 19:15<\/b> (Kuopio, Kuopion kaupunginteatteri, Maria-n\u00e4ytt\u00e4m\u00f6)<br \/>\n<b>16.10.2021 Esitys 18:15<\/b> (Kuopio, Kuopion kaupunginteatteri, Maria-n\u00e4ytt\u00e4m\u00f6)<br \/>\n<b>22.10.2021 Esitys 19:00<\/b> (Rovaniemi, Kulttuuritalo Wiljami, K-18)<br \/>\n<b>23.10.2021 Esitys 19:00 <\/b>(Rovaniemi, Kulttuuritalo Wiljami)<br \/>\n<b>11.11.2021 Esitys 19:15<\/b> (Kuopio, Kuopion kaupunginteatteri, Maria-n\u00e4ytt\u00e4m\u00f6)<br \/>\n<b>12.11.2021 Esitys 19:15<\/b> (Kuopio, Kuopion kaupunginteatteri, Maria-n\u00e4ytt\u00e4m\u00f6)<br \/>\n<b>19.11.2021 Esitys 12:00<\/b> (Rovaniemi, Kulttuuritalo Wiljami)<br \/>\n<b>19.11.2021 Esitys 19:00<\/b> (Rovaniemi, Kulttuuritalo Wiljami, K-18)<br \/>\n<b>20.11.2021 Esitys 19:00<\/b> (Rovaniemi, Kulttuuritalo Wiljami, K-18)<\/p>\n<p><b>Liput:<\/b> <a href=\"https:\/\/www.lippu.fi\/eventseries\/2911561\">https:\/\/www.lippu.fi\/eventseries\/2911561<\/a><\/p>\n<p><b>Lippuhinnat &#8211; Kuopio: <\/b>28 \/ 24 \/ 18 \u20ac, sis. Kuopion kapunginteatterin palvelumaksu 3,50\u20ac<br \/>\n<b>Lippuhinnat &#8211; Rovaniemi:<\/b> <b>advance: <\/b>normaali 25\u20ac \/ el\u00e4kel\u00e4inen 22\u20ac \/ opiskelija, ty\u00f6t\u00f6n 13\u20ac \/ py\u00f6r\u00e4tuoli 22\u20ac.<br \/>\n<b>Ovelta: <\/b>normaali 28\u20ac \/ el\u00e4kel\u00e4inen 25\u20ac \/ opiskelija, ty\u00f6t\u00f6n 16\u20ac \/ py\u00f6r\u00e4tuoli 25\u20ac \/ Teme, teatterikortti 12\u20ac \/ kaverilippu 14\u20ac<\/p>\n<h2>TY\u00d6RYHM\u00c4<\/h2>\n<p dir=\"ltr\">Ohjaus ja kokonaisvisualisointi: Mimosa Lindahl, Arto-Oskar Reunanen<br \/>\nKoreografia: Mimosa Lindahl<br \/>\nSkenografia: Arto-Oskar Reunanen<br \/>\nValosuunnittelu: Karel \u0160imek<br \/>\nVideosuunnittelu: Mikko Lampinen<br \/>\n\u00c4\u00e4nisuunnittelu: Silver Sepp<br \/>\nKuvat: Kai Kuusisto<br \/>\nPuvustus: Mimosa Lindahl<br \/>\nEsiintyj\u00e4 kuvassa: Lara M\u00fbller<\/p>\n<p>&nbsp;<\/p>\n<p dir=\"ltr\">Esiintyj\u00e4t: Virva Torkko-Mu\u00f1oz, Noomi Forslund, Laura Kallas-Herd, Marjo Selin, Silver Sepp (musician)<br \/>\nProjisointi: Mikko Lampinen<br \/>\nValojen ja \u00e4\u00e4nien ajo: Veli-Matti Timoskainen<\/p>\n<p dir=\"ltr\">Tuotanto: Dance Theatre Minimi, Dance Theatre Rimpparemmi, MimoArt Company<\/p>\n<p dir=\"ltr\">MimoArt Companyn WATER TRILOGY -teossarjan tukijat ja yhteisty\u00f6kumppanit: Helsingin Kaupunki, Taiteen edist\u00e4miskeskus, Pragma Helsinki<\/p>\n<p dir=\"ltr\">Laitesponsorit: Hako Ground and Garden Oy, Pumppu Lohja Oy, Hansa Engineering, Oy K\u00f6ysituonti Ab<\/p>\n<p>[\/vc_column_text][\/vc_column][\/vc_row]<\/p>\n","protected":false},"excerpt":{"rendered":"<p>[vc_row][vc_column][vc_column_text][\/vc_column_text][\/vc_column][\/vc_row][vc_row][vc_column][vc_column_text css=&#8221;.vc_custom_1570191258903{padding-right: 20px !important;padding-left: 20px !important;}&#8221;] FADES AWAY [\/vc_column_text][\/vc_column][\/vc_row][vc_row][vc_column][vc_column_text css=&#8221;.vc_custom_1570449971788{margin-top: 0px !important;margin-right: 10px !important;margin-bottom: 20px !important;margin-left: 10px !important;border-top-width: 5px !important;border-right-width: 5px !important;border-bottom-width: 5px !important;border-left-width: 5px !important;padding-top: 10px !important;padding-right: 25px !important;padding-bottom: 25px !important;padding-left: 25px !important;border-left-color: #ffffff !important;border-left-style: solid !important;border-right-color: #ffffff !important;border-right-style: solid !important;border-top-color: #ffffff !important;border-top-style: solid !important;border-bottom-color: #ffffff !important;border-bottom-style: solid !important;}&#8221;][vc_row][vc_column width=&#8221;1\/1&#8243;][vc_column_text] &nbsp; VISUAL &amp; PHYSICAL [&hellip;]<\/p>\n","protected":false},"author":1,"featured_media":0,"parent":0,"menu_order":0,"comment_status":"closed","ping_status":"closed","template":"","meta":[],"_links":{"self":[{"href":"https:\/\/mimoartcompany.com\/index.php\/wp-json\/wp\/v2\/pages\/256"}],"collection":[{"href":"https:\/\/mimoartcompany.com\/index.php\/wp-json\/wp\/v2\/pages"}],"about":[{"href":"https:\/\/mimoartcompany.com\/index.php\/wp-json\/wp\/v2\/types\/page"}],"author":[{"embeddable":true,"href":"https:\/\/mimoartcompany.com\/index.php\/wp-json\/wp\/v2\/users\/1"}],"replies":[{"embeddable":true,"href":"https:\/\/mimoartcompany.com\/index.php\/wp-json\/wp\/v2\/comments?post=256"}],"version-history":[{"count":23,"href":"https:\/\/mimoartcompany.com\/index.php\/wp-json\/wp\/v2\/pages\/256\/revisions"}],"predecessor-version":[{"id":287,"href":"https:\/\/mimoartcompany.com\/index.php\/wp-json\/wp\/v2\/pages\/256\/revisions\/287"}],"wp:attachment":[{"href":"https:\/\/mimoartcompany.com\/index.php\/wp-json\/wp\/v2\/media?parent=256"}],"curies":[{"name":"wp","href":"https:\/\/api.w.org\/{rel}","templated":true}]}}